{"id":15432,"date":"2024-12-12T08:07:44","date_gmt":"2024-12-12T08:07:44","guid":{"rendered":"https:\/\/tcchamps.fr\/?page_id=15432"},"modified":"2026-01-30T21:52:20","modified_gmt":"2026-01-30T21:52:20","slug":"equipe-pedagogique","status":"publish","type":"page","link":"https:\/\/tcchamps.fr\/index.php\/equipe-pedagogique\/","title":{"rendered":"EQUIPE PEDAGOGIQUE"},"content":{"rendered":"\t\t<div data-elementor-type=\"wp-page\" data-elementor-id=\"15432\" class=\"elementor elementor-15432\">\n\t\t\t\t\t\t<section class=\"elementor-section elementor-top-section elementor-element elementor-element-be8b260 elementor-section-boxed elementor-section-height-default elementor-section-height-default\" data-id=\"be8b260\" data-element_type=\"section\">\n\t\t\t\t\t\t<div class=\"elementor-container elementor-column-gap-default\">\n\t\t\t\t\t<div class=\"elementor-column elementor-col-100 elementor-top-column elementor-element elementor-element-e3b5470\" data-id=\"e3b5470\" data-element_type=\"column\">\n\t\t\t<div class=\"elementor-widget-wrap elementor-element-populated\">\n\t\t\t\t\t\t<div class=\"elementor-element elementor-element-d0183b3 elementor-widget elementor-widget-heading\" data-id=\"d0183b3\" data-element_type=\"widget\" data-widget_type=\"heading.default\">\n\t\t\t\t<div class=\"elementor-widget-container\">\n\t\t\t<h2 class=\"elementor-heading-title elementor-size-default\">EQUIPE PEDAGOGIQUE<\/h2>\t\t<\/div>\n\t\t\t\t<\/div>\n\t\t\t\t\t<\/div>\n\t\t<\/div>\n\t\t\t\t\t<\/div>\n\t\t<\/section>\n\t\t\t\t<section class=\"elementor-section elementor-top-section elementor-element elementor-element-615c30c elementor-section-boxed elementor-section-height-default elementor-section-height-default\" data-id=\"615c30c\" data-element_type=\"section\">\n\t\t\t\t\t\t<div class=\"elementor-container elementor-column-gap-default\">\n\t\t\t\t\t<div class=\"elementor-column elementor-col-100 elementor-top-column elementor-element elementor-element-2b7142c\" data-id=\"2b7142c\" data-element_type=\"column\">\n\t\t\t<div class=\"elementor-widget-wrap elementor-element-populated\">\n\t\t\t\t\t\t<div class=\"elementor-element elementor-element-5c3c6f1 elementor-widget elementor-widget-image\" data-id=\"5c3c6f1\" data-element_type=\"widget\" data-widget_type=\"image.default\">\n\t\t\t\t<div class=\"elementor-widget-container\">\n\t\t\t\t\t\t\t\t\t\t\t\t\t<img fetchpriority=\"high\" decoding=\"async\" width=\"800\" height=\"457\" src=\"https:\/\/tcchamps.fr\/wp-content\/uploads\/2026\/01\/image0-13-e1769704291409-1024x585.jpeg\" class=\"attachment-large size-large wp-image-15669\" alt=\"\" srcset=\"https:\/\/tcchamps.fr\/wp-content\/uploads\/2026\/01\/image0-13-e1769704291409-1024x585.jpeg 1024w, https:\/\/tcchamps.fr\/wp-content\/uploads\/2026\/01\/image0-13-e1769704291409-300x172.jpeg 300w, https:\/\/tcchamps.fr\/wp-content\/uploads\/2026\/01\/image0-13-e1769704291409-768x439.jpeg 768w, https:\/\/tcchamps.fr\/wp-content\/uploads\/2026\/01\/image0-13-e1769704291409.jpeg 1200w\" sizes=\"(max-width: 800px) 100vw, 800px\" \/>\t\t\t\t\t\t\t\t\t\t\t\t\t<\/div>\n\t\t\t\t<\/div>\n\t\t\t\t\t<\/div>\n\t\t<\/div>\n\t\t\t\t\t<\/div>\n\t\t<\/section>\n\t\t\t\t<section class=\"elementor-section elementor-top-section elementor-element elementor-element-4d771d7 elementor-section-boxed elementor-section-height-default elementor-section-height-default\" data-id=\"4d771d7\" data-element_type=\"section\">\n\t\t\t\t\t\t<div class=\"elementor-container elementor-column-gap-default\">\n\t\t\t\t\t<div class=\"elementor-column elementor-col-33 elementor-top-column elementor-element elementor-element-30742fe\" data-id=\"30742fe\" data-element_type=\"column\">\n\t\t\t<div class=\"elementor-widget-wrap elementor-element-populated\">\n\t\t\t\t\t\t<div class=\"elementor-element elementor-element-b3f9815 elementor-widget__width-initial elementor-widget elementor-widget-image\" data-id=\"b3f9815\" data-element_type=\"widget\" data-widget_type=\"image.default\">\n\t\t\t\t<div class=\"elementor-widget-container\">\n\t\t\t\t\t\t\t\t\t\t\t\t\t<img decoding=\"async\" width=\"255\" height=\"300\" src=\"https:\/\/tcchamps.fr\/wp-content\/uploads\/2023\/09\/IMG_5314-e1769808084885-255x300.png\" class=\"attachment-medium size-medium wp-image-5648\" alt=\"\" srcset=\"https:\/\/tcchamps.fr\/wp-content\/uploads\/2023\/09\/IMG_5314-e1769808084885-255x300.png 255w, https:\/\/tcchamps.fr\/wp-content\/uploads\/2023\/09\/IMG_5314-e1769808084885-869x1024.png 869w, https:\/\/tcchamps.fr\/wp-content\/uploads\/2023\/09\/IMG_5314-e1769808084885-768x905.png 768w, https:\/\/tcchamps.fr\/wp-content\/uploads\/2023\/09\/IMG_5314-e1769808084885-1304x1536.png 1304w, https:\/\/tcchamps.fr\/wp-content\/uploads\/2023\/09\/IMG_5314-e1769808084885-1739x2048.png 1739w\" sizes=\"(max-width: 255px) 100vw, 255px\" \/>\t\t\t\t\t\t\t\t\t\t\t\t\t<\/div>\n\t\t\t\t<\/div>\n\t\t\t\t<div class=\"elementor-element elementor-element-f0f7a4e elementor-widget elementor-widget-html\" data-id=\"f0f7a4e\" data-element_type=\"widget\" data-widget_type=\"html.default\">\n\t\t\t\t<div class=\"elementor-widget-container\">\n\t\t\t<span class=\"border\"><\/span>\n<span class=\"date\">Depuis 2005<\/span><br>\n<span class=\"categorie\">Directrice sportive\/enseignante<\/span>\t\t<\/div>\n\t\t\t\t<\/div>\n\t\t\t\t<div class=\"elementor-element elementor-element-1e2f62b elementor-widget elementor-widget-heading\" data-id=\"1e2f62b\" data-element_type=\"widget\" data-widget_type=\"heading.default\">\n\t\t\t\t<div class=\"elementor-widget-container\">\n\t\t\t<h2 class=\"elementor-heading-title elementor-size-default\">Elodie Mouret DE<\/h2>\t\t<\/div>\n\t\t\t\t<\/div>\n\t\t\t\t<div class=\"elementor-element elementor-element-36bcfdb elementor-widget elementor-widget-spacer\" data-id=\"36bcfdb\" data-element_type=\"widget\" data-widget_type=\"spacer.default\">\n\t\t\t\t<div class=\"elementor-widget-container\">\n\t\t\t\t\t<div class=\"elementor-spacer\">\n\t\t\t<div class=\"elementor-spacer-inner\"><\/div>\n\t\t<\/div>\n\t\t\t\t<\/div>\n\t\t\t\t<\/div>\n\t\t\t\t<div class=\"elementor-element elementor-element-93dfad7 elementor-widget elementor-widget-image\" data-id=\"93dfad7\" data-element_type=\"widget\" data-widget_type=\"image.default\">\n\t\t\t\t<div class=\"elementor-widget-container\">\n\t\t\t\t\t\t\t\t\t\t\t\t\t<img decoding=\"async\" width=\"225\" height=\"300\" src=\"https:\/\/tcchamps.fr\/wp-content\/uploads\/2023\/02\/WhatsApp-Image-2023-02-11-at-22.05.36-225x300.jpeg\" class=\"attachment-medium size-medium wp-image-1023\" alt=\"\" srcset=\"https:\/\/tcchamps.fr\/wp-content\/uploads\/2023\/02\/WhatsApp-Image-2023-02-11-at-22.05.36-225x300.jpeg 225w, https:\/\/tcchamps.fr\/wp-content\/uploads\/2023\/02\/WhatsApp-Image-2023-02-11-at-22.05.36-768x1024.jpeg 768w, https:\/\/tcchamps.fr\/wp-content\/uploads\/2023\/02\/WhatsApp-Image-2023-02-11-at-22.05.36-1152x1536.jpeg 1152w, https:\/\/tcchamps.fr\/wp-content\/uploads\/2023\/02\/WhatsApp-Image-2023-02-11-at-22.05.36.jpeg 1512w\" sizes=\"(max-width: 225px) 100vw, 225px\" \/>\t\t\t\t\t\t\t\t\t\t\t\t\t<\/div>\n\t\t\t\t<\/div>\n\t\t\t\t<div class=\"elementor-element elementor-element-60b1c98 elementor-widget elementor-widget-html\" data-id=\"60b1c98\" data-element_type=\"widget\" data-widget_type=\"html.default\">\n\t\t\t\t<div class=\"elementor-widget-container\">\n\t\t\t<span class=\"border\"><\/span>\n<span class=\"date\">Depuis 2001<\/span><br>\n<span class=\"categorie\">Enseignant<\/span>\t\t<\/div>\n\t\t\t\t<\/div>\n\t\t\t\t<div class=\"elementor-element elementor-element-71465d0 elementor-widget elementor-widget-heading\" data-id=\"71465d0\" data-element_type=\"widget\" data-widget_type=\"heading.default\">\n\t\t\t\t<div class=\"elementor-widget-container\">\n\t\t\t<h2 class=\"elementor-heading-title elementor-size-default\">St\u00e9phane Grincourt DE<\/h2>\t\t<\/div>\n\t\t\t\t<\/div>\n\t\t\t\t<div class=\"elementor-element elementor-element-3fb7465 elementor-widget elementor-widget-spacer\" data-id=\"3fb7465\" data-element_type=\"widget\" data-widget_type=\"spacer.default\">\n\t\t\t\t<div class=\"elementor-widget-container\">\n\t\t\t\t\t<div class=\"elementor-spacer\">\n\t\t\t<div class=\"elementor-spacer-inner\"><\/div>\n\t\t<\/div>\n\t\t\t\t<\/div>\n\t\t\t\t<\/div>\n\t\t\t\t<div class=\"elementor-element elementor-element-f9e4456 elementor-widget elementor-widget-image\" data-id=\"f9e4456\" data-element_type=\"widget\" data-widget_type=\"image.default\">\n\t\t\t\t<div class=\"elementor-widget-container\">\n\t\t\t\t\t\t\t\t\t\t\t\t\t<img loading=\"lazy\" decoding=\"async\" width=\"225\" height=\"300\" src=\"https:\/\/tcchamps.fr\/wp-content\/uploads\/2026\/01\/bf96b106-7ae2-4fe3-a74e-267b225f8142-225x300.jpg\" class=\"attachment-medium size-medium wp-image-15649\" alt=\"\" srcset=\"https:\/\/tcchamps.fr\/wp-content\/uploads\/2026\/01\/bf96b106-7ae2-4fe3-a74e-267b225f8142-225x300.jpg 225w, https:\/\/tcchamps.fr\/wp-content\/uploads\/2026\/01\/bf96b106-7ae2-4fe3-a74e-267b225f8142-769x1024.jpg 769w, https:\/\/tcchamps.fr\/wp-content\/uploads\/2026\/01\/bf96b106-7ae2-4fe3-a74e-267b225f8142-768x1023.jpg 768w, https:\/\/tcchamps.fr\/wp-content\/uploads\/2026\/01\/bf96b106-7ae2-4fe3-a74e-267b225f8142-1153x1536.jpg 1153w, https:\/\/tcchamps.fr\/wp-content\/uploads\/2026\/01\/bf96b106-7ae2-4fe3-a74e-267b225f8142.jpg 1537w\" sizes=\"(max-width: 225px) 100vw, 225px\" \/>\t\t\t\t\t\t\t\t\t\t\t\t\t<\/div>\n\t\t\t\t<\/div>\n\t\t\t\t<div class=\"elementor-element elementor-element-94f9c2a elementor-widget elementor-widget-html\" data-id=\"94f9c2a\" data-element_type=\"widget\" data-widget_type=\"html.default\">\n\t\t\t\t<div class=\"elementor-widget-container\">\n\t\t\t<span class=\"border\"><\/span>\n<span class=\"date\">Formation DE<\/span><br>\n<span class=\"categorie\">Enseignant<\/span>\t\t<\/div>\n\t\t\t\t<\/div>\n\t\t\t\t<div class=\"elementor-element elementor-element-04f50ad elementor-widget elementor-widget-heading\" data-id=\"04f50ad\" data-element_type=\"widget\" data-widget_type=\"heading.default\">\n\t\t\t\t<div class=\"elementor-widget-container\">\n\t\t\t<h2 class=\"elementor-heading-title elementor-size-default\">Tristan Buret <\/h2>\t\t<\/div>\n\t\t\t\t<\/div>\n\t\t\t\t<div class=\"elementor-element elementor-element-a35ba46 elementor-widget elementor-widget-spacer\" data-id=\"a35ba46\" data-element_type=\"widget\" data-widget_type=\"spacer.default\">\n\t\t\t\t<div class=\"elementor-widget-container\">\n\t\t\t\t\t<div class=\"elementor-spacer\">\n\t\t\t<div class=\"elementor-spacer-inner\"><\/div>\n\t\t<\/div>\n\t\t\t\t<\/div>\n\t\t\t\t<\/div>\n\t\t\t\t\t<\/div>\n\t\t<\/div>\n\t\t\t\t<div class=\"elementor-column elementor-col-33 elementor-top-column elementor-element elementor-element-8ac3e67\" data-id=\"8ac3e67\" data-element_type=\"column\">\n\t\t\t<div class=\"elementor-widget-wrap elementor-element-populated\">\n\t\t\t\t\t\t<div class=\"elementor-element elementor-element-2132838 elementor-widget elementor-widget-image\" data-id=\"2132838\" data-element_type=\"widget\" data-widget_type=\"image.default\">\n\t\t\t\t<div class=\"elementor-widget-container\">\n\t\t\t\t\t\t\t\t\t\t\t\t\t<img loading=\"lazy\" decoding=\"async\" width=\"225\" height=\"300\" src=\"https:\/\/tcchamps.fr\/wp-content\/uploads\/2023\/09\/IMG_5306-225x300.png\" class=\"attachment-medium size-medium wp-image-5647\" alt=\"\" srcset=\"https:\/\/tcchamps.fr\/wp-content\/uploads\/2023\/09\/IMG_5306-225x300.png 225w, https:\/\/tcchamps.fr\/wp-content\/uploads\/2023\/09\/IMG_5306-768x1024.png 768w, https:\/\/tcchamps.fr\/wp-content\/uploads\/2023\/09\/IMG_5306-1152x1536.png 1152w, https:\/\/tcchamps.fr\/wp-content\/uploads\/2023\/09\/IMG_5306-1536x2048.png 1536w\" sizes=\"(max-width: 225px) 100vw, 225px\" \/>\t\t\t\t\t\t\t\t\t\t\t\t\t<\/div>\n\t\t\t\t<\/div>\n\t\t\t\t<div class=\"elementor-element elementor-element-fba51ca elementor-widget elementor-widget-html\" data-id=\"fba51ca\" data-element_type=\"widget\" data-widget_type=\"html.default\">\n\t\t\t\t<div class=\"elementor-widget-container\">\n\t\t\t<span class=\"border\"><\/span>\n<span class=\"date\">Depuis 2022<\/span><br>\n<span class=\"categorie\">P\u00f4le comp\u00e9tition\/enseignant<\/span>\t\t<\/div>\n\t\t\t\t<\/div>\n\t\t\t\t<div class=\"elementor-element elementor-element-8609e6b elementor-widget elementor-widget-heading\" data-id=\"8609e6b\" data-element_type=\"widget\" data-widget_type=\"heading.default\">\n\t\t\t\t<div class=\"elementor-widget-container\">\n\t\t\t<h2 class=\"elementor-heading-title elementor-size-default\">Romain S\u00e9n\u00e9chal DE<\/h2>\t\t<\/div>\n\t\t\t\t<\/div>\n\t\t\t\t<div class=\"elementor-element elementor-element-2a524e7 elementor-widget elementor-widget-spacer\" data-id=\"2a524e7\" data-element_type=\"widget\" data-widget_type=\"spacer.default\">\n\t\t\t\t<div class=\"elementor-widget-container\">\n\t\t\t\t\t<div class=\"elementor-spacer\">\n\t\t\t<div class=\"elementor-spacer-inner\"><\/div>\n\t\t<\/div>\n\t\t\t\t<\/div>\n\t\t\t\t<\/div>\n\t\t\t\t<div class=\"elementor-element elementor-element-1e455a7 elementor-widget elementor-widget-image\" data-id=\"1e455a7\" data-element_type=\"widget\" data-widget_type=\"image.default\">\n\t\t\t\t<div class=\"elementor-widget-container\">\n\t\t\t\t\t\t\t\t\t\t\t\t\t<img loading=\"lazy\" decoding=\"async\" width=\"225\" height=\"300\" src=\"https:\/\/tcchamps.fr\/wp-content\/uploads\/2023\/09\/IMG_5303-225x300.png\" class=\"attachment-medium size-medium wp-image-5646\" alt=\"\" srcset=\"https:\/\/tcchamps.fr\/wp-content\/uploads\/2023\/09\/IMG_5303-225x300.png 225w, https:\/\/tcchamps.fr\/wp-content\/uploads\/2023\/09\/IMG_5303-768x1024.png 768w, https:\/\/tcchamps.fr\/wp-content\/uploads\/2023\/09\/IMG_5303-1152x1536.png 1152w, https:\/\/tcchamps.fr\/wp-content\/uploads\/2023\/09\/IMG_5303-1536x2048.png 1536w\" sizes=\"(max-width: 225px) 100vw, 225px\" \/>\t\t\t\t\t\t\t\t\t\t\t\t\t<\/div>\n\t\t\t\t<\/div>\n\t\t\t\t<div class=\"elementor-element elementor-element-3a61101 elementor-widget elementor-widget-html\" data-id=\"3a61101\" data-element_type=\"widget\" data-widget_type=\"html.default\">\n\t\t\t\t<div class=\"elementor-widget-container\">\n\t\t\t<span class=\"border\"><\/span>\n<span class=\"date\">Depuis 2022<\/span><br>\n<span class=\"categorie\">Enseignant<\/span>\t\t<\/div>\n\t\t\t\t<\/div>\n\t\t\t\t<div class=\"elementor-element elementor-element-10f0666 elementor-widget elementor-widget-heading\" data-id=\"10f0666\" data-element_type=\"widget\" data-widget_type=\"heading.default\">\n\t\t\t\t<div class=\"elementor-widget-container\">\n\t\t\t<h2 class=\"elementor-heading-title elementor-size-default\">Stefane Zlatanovic DE<\/h2>\t\t<\/div>\n\t\t\t\t<\/div>\n\t\t\t\t<div class=\"elementor-element elementor-element-e9a9018 elementor-widget elementor-widget-spacer\" data-id=\"e9a9018\" data-element_type=\"widget\" data-widget_type=\"spacer.default\">\n\t\t\t\t<div class=\"elementor-widget-container\">\n\t\t\t\t\t<div class=\"elementor-spacer\">\n\t\t\t<div class=\"elementor-spacer-inner\"><\/div>\n\t\t<\/div>\n\t\t\t\t<\/div>\n\t\t\t\t<\/div>\n\t\t\t\t<div class=\"elementor-element elementor-element-cc4e44d elementor-widget elementor-widget-image\" data-id=\"cc4e44d\" data-element_type=\"widget\" data-widget_type=\"image.default\">\n\t\t\t\t<div class=\"elementor-widget-container\">\n\t\t\t\t\t\t\t\t\t\t\t\t\t<img loading=\"lazy\" decoding=\"async\" width=\"225\" height=\"300\" src=\"https:\/\/tcchamps.fr\/wp-content\/uploads\/2023\/02\/URIEL-225x300.jpg\" class=\"attachment-medium size-medium wp-image-1039\" alt=\"\" srcset=\"https:\/\/tcchamps.fr\/wp-content\/uploads\/2023\/02\/URIEL-225x300.jpg 225w, https:\/\/tcchamps.fr\/wp-content\/uploads\/2023\/02\/URIEL-768x1024.jpg 768w, https:\/\/tcchamps.fr\/wp-content\/uploads\/2023\/02\/URIEL-1152x1536.jpg 1152w, https:\/\/tcchamps.fr\/wp-content\/uploads\/2023\/02\/URIEL-1536x2048.jpg 1536w, https:\/\/tcchamps.fr\/wp-content\/uploads\/2023\/02\/URIEL-scaled.jpg 1920w\" sizes=\"(max-width: 225px) 100vw, 225px\" \/>\t\t\t\t\t\t\t\t\t\t\t\t\t<\/div>\n\t\t\t\t<\/div>\n\t\t\t\t<div class=\"elementor-element elementor-element-71e7003 elementor-widget elementor-widget-html\" data-id=\"71e7003\" data-element_type=\"widget\" data-widget_type=\"html.default\">\n\t\t\t\t<div class=\"elementor-widget-container\">\n\t\t\t<span class=\"border\"><\/span>\n<span class=\"date\">Depuis 2022<\/span><br>\n<span class=\"categorie\">Enseignant<\/span>\t\t<\/div>\n\t\t\t\t<\/div>\n\t\t\t\t<div class=\"elementor-element elementor-element-a12c9c3 elementor-widget elementor-widget-heading\" data-id=\"a12c9c3\" data-element_type=\"widget\" data-widget_type=\"heading.default\">\n\t\t\t\t<div class=\"elementor-widget-container\">\n\t\t\t<h2 class=\"elementor-heading-title elementor-size-default\">Uriel Mnamani DE<\/h2>\t\t<\/div>\n\t\t\t\t<\/div>\n\t\t\t\t\t<\/div>\n\t\t<\/div>\n\t\t\t\t<div class=\"elementor-column elementor-col-33 elementor-top-column elementor-element elementor-element-c96293c\" data-id=\"c96293c\" data-element_type=\"column\">\n\t\t\t<div class=\"elementor-widget-wrap elementor-element-populated\">\n\t\t\t\t\t\t<div class=\"elementor-element elementor-element-0122fc8 elementor-widget elementor-widget-image\" data-id=\"0122fc8\" data-element_type=\"widget\" data-widget_type=\"image.default\">\n\t\t\t\t<div class=\"elementor-widget-container\">\n\t\t\t\t\t\t\t\t\t\t\t\t\t<img loading=\"lazy\" decoding=\"async\" width=\"225\" height=\"300\" src=\"https:\/\/tcchamps.fr\/wp-content\/uploads\/2023\/02\/IMG_2750-225x300.jpg\" class=\"attachment-medium size-medium wp-image-1002\" alt=\"\" srcset=\"https:\/\/tcchamps.fr\/wp-content\/uploads\/2023\/02\/IMG_2750-225x300.jpg 225w, https:\/\/tcchamps.fr\/wp-content\/uploads\/2023\/02\/IMG_2750.jpg 240w\" sizes=\"(max-width: 225px) 100vw, 225px\" \/>\t\t\t\t\t\t\t\t\t\t\t\t\t<\/div>\n\t\t\t\t<\/div>\n\t\t\t\t<div class=\"elementor-element elementor-element-fe67186 elementor-widget elementor-widget-html\" data-id=\"fe67186\" data-element_type=\"widget\" data-widget_type=\"html.default\">\n\t\t\t\t<div class=\"elementor-widget-container\">\n\t\t\t<span class=\"border\"><\/span>\n<span class=\"date\">Depuis 2022<\/span><br>\n<span class=\"categorie\">P\u00f4le comp\u00e9tition\/enseignant<\/span>\t\t<\/div>\n\t\t\t\t<\/div>\n\t\t\t\t<div class=\"elementor-element elementor-element-cd5e5c6 elementor-widget elementor-widget-heading\" data-id=\"cd5e5c6\" data-element_type=\"widget\" data-widget_type=\"heading.default\">\n\t\t\t\t<div class=\"elementor-widget-container\">\n\t\t\t<h2 class=\"elementor-heading-title elementor-size-default\">Baptiste Bonvie DE<\/h2>\t\t<\/div>\n\t\t\t\t<\/div>\n\t\t\t\t<div class=\"elementor-element elementor-element-d92aebd elementor-widget elementor-widget-image\" data-id=\"d92aebd\" data-element_type=\"widget\" data-widget_type=\"image.default\">\n\t\t\t\t<div class=\"elementor-widget-container\">\n\t\t\t\t\t\t\t\t\t\t\t\t\t<img loading=\"lazy\" decoding=\"async\" width=\"225\" height=\"300\" src=\"https:\/\/tcchamps.fr\/wp-content\/uploads\/2026\/01\/4b21c3b1-c545-4ef6-b2a5-12debd27cc84-225x300.jpg\" class=\"attachment-medium size-medium wp-image-15647\" alt=\"\" srcset=\"https:\/\/tcchamps.fr\/wp-content\/uploads\/2026\/01\/4b21c3b1-c545-4ef6-b2a5-12debd27cc84-225x300.jpg 225w, https:\/\/tcchamps.fr\/wp-content\/uploads\/2026\/01\/4b21c3b1-c545-4ef6-b2a5-12debd27cc84-769x1024.jpg 769w, https:\/\/tcchamps.fr\/wp-content\/uploads\/2026\/01\/4b21c3b1-c545-4ef6-b2a5-12debd27cc84-768x1023.jpg 768w, https:\/\/tcchamps.fr\/wp-content\/uploads\/2026\/01\/4b21c3b1-c545-4ef6-b2a5-12debd27cc84-1153x1536.jpg 1153w, https:\/\/tcchamps.fr\/wp-content\/uploads\/2026\/01\/4b21c3b1-c545-4ef6-b2a5-12debd27cc84.jpg 1537w\" sizes=\"(max-width: 225px) 100vw, 225px\" \/>\t\t\t\t\t\t\t\t\t\t\t\t\t<\/div>\n\t\t\t\t<\/div>\n\t\t\t\t<div class=\"elementor-element elementor-element-4a207a2 elementor-widget elementor-widget-spacer\" data-id=\"4a207a2\" data-element_type=\"widget\" data-widget_type=\"spacer.default\">\n\t\t\t\t<div class=\"elementor-widget-container\">\n\t\t\t\t\t<div class=\"elementor-spacer\">\n\t\t\t<div class=\"elementor-spacer-inner\"><\/div>\n\t\t<\/div>\n\t\t\t\t<\/div>\n\t\t\t\t<\/div>\n\t\t\t\t<div class=\"elementor-element elementor-element-81889d6 elementor-widget elementor-widget-html\" data-id=\"81889d6\" data-element_type=\"widget\" data-widget_type=\"html.default\">\n\t\t\t\t<div class=\"elementor-widget-container\">\n\t\t\t<span class=\"border\"><\/span>\n<span class=\"date\">Depuis 2024<\/span><br>\n<span class=\"categorie\">Enseignant<\/span>\t\t<\/div>\n\t\t\t\t<\/div>\n\t\t\t\t<div class=\"elementor-element elementor-element-de45311 elementor-widget elementor-widget-heading\" data-id=\"de45311\" data-element_type=\"widget\" data-widget_type=\"heading.default\">\n\t\t\t\t<div class=\"elementor-widget-container\">\n\t\t\t<h2 class=\"elementor-heading-title elementor-size-default\">Hanitra Rakotondrainibe DE <\/h2>\t\t<\/div>\n\t\t\t\t<\/div>\n\t\t\t\t<div class=\"elementor-element elementor-element-45d9171 elementor-widget elementor-widget-spacer\" data-id=\"45d9171\" data-element_type=\"widget\" data-widget_type=\"spacer.default\">\n\t\t\t\t<div class=\"elementor-widget-container\">\n\t\t\t\t\t<div class=\"elementor-spacer\">\n\t\t\t<div class=\"elementor-spacer-inner\"><\/div>\n\t\t<\/div>\n\t\t\t\t<\/div>\n\t\t\t\t<\/div>\n\t\t\t\t<div class=\"elementor-element elementor-element-4e8c528 elementor-widget elementor-widget-image\" data-id=\"4e8c528\" data-element_type=\"widget\" data-widget_type=\"image.default\">\n\t\t\t\t<div class=\"elementor-widget-container\">\n\t\t\t\t\t\t\t\t\t\t\t\t\t<img loading=\"lazy\" decoding=\"async\" width=\"225\" height=\"300\" src=\"https:\/\/tcchamps.fr\/wp-content\/uploads\/2026\/01\/bb7b2c7c-210c-4875-ab98-d3df6301881b-225x300.jpg\" class=\"attachment-medium size-medium wp-image-15648\" alt=\"\" srcset=\"https:\/\/tcchamps.fr\/wp-content\/uploads\/2026\/01\/bb7b2c7c-210c-4875-ab98-d3df6301881b-225x300.jpg 225w, https:\/\/tcchamps.fr\/wp-content\/uploads\/2026\/01\/bb7b2c7c-210c-4875-ab98-d3df6301881b-769x1024.jpg 769w, https:\/\/tcchamps.fr\/wp-content\/uploads\/2026\/01\/bb7b2c7c-210c-4875-ab98-d3df6301881b-768x1023.jpg 768w, https:\/\/tcchamps.fr\/wp-content\/uploads\/2026\/01\/bb7b2c7c-210c-4875-ab98-d3df6301881b-1153x1536.jpg 1153w, https:\/\/tcchamps.fr\/wp-content\/uploads\/2026\/01\/bb7b2c7c-210c-4875-ab98-d3df6301881b.jpg 1537w\" sizes=\"(max-width: 225px) 100vw, 225px\" \/>\t\t\t\t\t\t\t\t\t\t\t\t\t<\/div>\n\t\t\t\t<\/div>\n\t\t\t\t<div class=\"elementor-element elementor-element-3679ee7 elementor-widget elementor-widget-html\" data-id=\"3679ee7\" data-element_type=\"widget\" data-widget_type=\"html.default\">\n\t\t\t\t<div class=\"elementor-widget-container\">\n\t\t\t<span class=\"border\"><\/span>\n<span class=\"date\">Depuis 2022<\/span><br>\n<span class=\"categorie\">Enseignant<\/span>\t\t<\/div>\n\t\t\t\t<\/div>\n\t\t\t\t<div class=\"elementor-element elementor-element-27a5c8b elementor-widget elementor-widget-heading\" data-id=\"27a5c8b\" data-element_type=\"widget\" data-widget_type=\"heading.default\">\n\t\t\t\t<div class=\"elementor-widget-container\">\n\t\t\t<h2 class=\"elementor-heading-title elementor-size-default\">Victor Roynette DE<\/h2>\t\t<\/div>\n\t\t\t\t<\/div>\n\t\t\t\t\t<\/div>\n\t\t<\/div>\n\t\t\t\t\t<\/div>\n\t\t<\/section>\n\t\t\t\t<\/div>\n\t\t","protected":false},"excerpt":{"rendered":"<p>EQUIPE PEDAGOGIQUE Depuis 2005 Directrice sportive\/enseignante Elodie Mouret DE Depuis 2001 Enseignant St\u00e9phane Grincourt DE Formation DE Enseignant Tristan Buret Depuis 2022 P\u00f4le comp\u00e9tition\/enseignant Romain S\u00e9n\u00e9chal DE Depuis 2022 Enseignant Stefane Zlatanovic DE Depuis 2022 Enseignant Uriel Mnamani DE Depuis 2022 P\u00f4le comp\u00e9tition\/enseignant Baptiste Bonvie DE Depuis 2024 Enseignant Hanitra Rakotondrainibe DE Depuis 2022 Enseignant [&hellip;]<\/p>\n","protected":false},"author":2,"featured_media":0,"parent":0,"menu_order":0,"comment_status":"closed","ping_status":"closed","template":"","meta":{"footnotes":""},"class_list":["post-15432","page","type-page","status-publish","hentry"],"_links":{"self":[{"href":"https:\/\/tcchamps.fr\/index.php\/wp-json\/wp\/v2\/pages\/15432","targetHints":{"allow":["GET"]}}],"collection":[{"href":"https:\/\/tcchamps.fr\/index.php\/wp-json\/wp\/v2\/pages"}],"about":[{"href":"https:\/\/tcchamps.fr\/index.php\/wp-json\/wp\/v2\/types\/page"}],"author":[{"embeddable":true,"href":"https:\/\/tcchamps.fr\/index.php\/wp-json\/wp\/v2\/users\/2"}],"replies":[{"embeddable":true,"href":"https:\/\/tcchamps.fr\/index.php\/wp-json\/wp\/v2\/comments?post=15432"}],"version-history":[{"count":12,"href":"https:\/\/tcchamps.fr\/index.php\/wp-json\/wp\/v2\/pages\/15432\/revisions"}],"predecessor-version":[{"id":15692,"href":"https:\/\/tcchamps.fr\/index.php\/wp-json\/wp\/v2\/pages\/15432\/revisions\/15692"}],"wp:attachment":[{"href":"https:\/\/tcchamps.fr\/index.php\/wp-json\/wp\/v2\/media?parent=15432"}],"curies":[{"name":"wp","href":"https:\/\/api.w.org\/{rel}","templated":true}]}}